{"id":85,"date":"2020-03-09T10:55:14","date_gmt":"2020-03-09T10:55:14","guid":{"rendered":"https:\/\/nueva.vindicas.com\/?page_id=85"},"modified":"2020-03-10T08:41:47","modified_gmt":"2020-03-10T08:41:47","slug":"servicios","status":"publish","type":"page","link":"https:\/\/vindicas.com\/?page_id=85","title":{"rendered":"Servicios"},"content":{"rendered":"<div class=\"wpb-content-wrapper\"><p>[vc_row][vc_column][vc_column_text]<\/p>\n<h2 style=\"text-align: center;\"><span style=\"color: #800000;\">SERVICIOS Y VENTAJAS<\/span><\/h2>\n<p>&nbsp;<\/p>\n<h4 style=\"text-align: center;\"><span style=\"color: #000000;\">Los servicios y ventajas de la asociaci\u00f3n VINdiCAS se pueden englobar en los siguientes apartados:<\/span><\/h4>\n<p>[\/vc_column_text][\/vc_column][\/vc_row][vc_row][vc_column][vc_column_text]<\/p>\n<ul>\n<li>\n<h3><span style=\"color: #800000;\"><strong>REPRESENTACI\u00d3N<\/strong><\/span><\/h3>\n<ul>\n<li>Agrupar y representar institucionalmente a las empresas de distribuci\u00f3n de vinos de calidad en la provincia de Castell\u00f3n.<\/li>\n<li>Firma de acuerdos de colaboraci\u00f3n y en beneficio com\u00fan de los asociados.<span style=\"color: #000000;\"><strong><br \/>\n<\/strong><\/span><\/li>\n<\/ul>\n<\/li>\n<\/ul>\n<p>[\/vc_column_text][\/vc_column][\/vc_row][vc_row][vc_column][vc_column_text]<\/p>\n<ul>\n<li>\n<h4><span style=\"color: #000000;\"><strong><span style=\"color: #800000;\">MEJORA DE LA PROFESI\u00d3N<\/span><br \/>\n<\/strong><\/span><\/h4>\n<\/li>\n<li style=\"list-style-type: none;\">\n<ul>\n<li>Mediante la representaci\u00f3n y defensa del correcto desarrollo de nuestra actividad empresarial, buscando ofrecer un alto nivel de profesionalidad a nuestros clientes y luchando contra el intrusismo.<\/li>\n<\/ul>\n<\/li>\n<\/ul>\n<p>[\/vc_column_text][\/vc_column][\/vc_row][vc_row][vc_column][vc_column_text]<\/p>\n<ul>\n<li>\n<h4><span style=\"color: #800000;\"><strong> DIFUSI\u00d3N DE LA \u00abCULTURA DEL VINO\u00bb<\/strong><\/span><\/h4>\n<ul>\n<li>Participaci\u00f3n en las distintas actividades organizadas por VINdiCAS (ferias, conferencias, catas, cursos, etc.) con el objetivo de difundir la \u00abCultura del Vino\u00bb.<\/li>\n<li>Apoyo y colaboraci\u00f3n con los proyectos educativos de los futuros profesionales del sector de la Hosteler\u00eda y el Turismo.<\/li>\n<\/ul>\n<\/li>\n<\/ul>\n<p>[\/vc_column_text][\/vc_column][\/vc_row][vc_row][vc_column][vc_column_text]<\/p>\n<ul>\n<li>\n<h4><span style=\"color: #800000;\"><strong>ASESORAMIENTO Y FORMACI\u00d3N<\/strong><\/span><\/h4>\n<ul>\n<li>A trav\u00e9s de cursos de formaci\u00f3n y el aprovechamiento de sinergias empresariales y de colaboraci\u00f3n.<\/li>\n<\/ul>\n<\/li>\n<\/ul>\n<p>[\/vc_column_text][\/vc_column][\/vc_row]<\/p>\n<\/div>","protected":false},"excerpt":{"rendered":"<p>[vc_row][vc_column][vc_column_text] SERVICIOS Y VENTAJAS &nbsp; Los servicios y ventajas de la asociaci\u00f3n VINdiCAS se pueden englobar en los siguientes apartados: [\/vc_column_text][\/vc_column][\/vc_row][vc_row][vc_column][vc_column_text] REPRESENTACI\u00d3N Agrupar y representar institucionalmente a las empresas de distribuci\u00f3n de vinos de calidad en la provincia de Castell\u00f3n. Firma de acuerdos de colaboraci\u00f3n y en beneficio com\u00fan de los asociados. [\/vc_column_text][\/vc_column][\/vc_row][vc_row][vc_column][vc_column_text] MEJORA DE&hellip;<\/p>\n","protected":false},"author":1,"featured_media":0,"parent":0,"menu_order":0,"comment_status":"closed","ping_status":"closed","template":"","meta":{"footnotes":""},"class_list":["post-85","page","type-page","status-publish","hentry","description-off"],"_links":{"self":[{"href":"https:\/\/vindicas.com\/index.php?rest_route=\/wp\/v2\/pages\/85","targetHints":{"allow":["GET"]}}],"collection":[{"href":"https:\/\/vindicas.com\/index.php?rest_route=\/wp\/v2\/pages"}],"about":[{"href":"https:\/\/vindicas.com\/index.php?rest_route=\/wp\/v2\/types\/page"}],"author":[{"embeddable":true,"href":"https:\/\/vindicas.com\/index.php?rest_route=\/wp\/v2\/users\/1"}],"replies":[{"embeddable":true,"href":"https:\/\/vindicas.com\/index.php?rest_route=%2Fwp%2Fv2%2Fcomments&post=85"}],"version-history":[{"count":9,"href":"https:\/\/vindicas.com\/index.php?rest_route=\/wp\/v2\/pages\/85\/revisions"}],"predecessor-version":[{"id":229,"href":"https:\/\/vindicas.com\/index.php?rest_route=\/wp\/v2\/pages\/85\/revisions\/229"}],"wp:attachment":[{"href":"https:\/\/vindicas.com\/index.php?rest_route=%2Fwp%2Fv2%2Fmedia&parent=85"}],"curies":[{"name":"wp","href":"https:\/\/api.w.org\/{rel}","templated":true}]}}